{"id":3306,"date":"2021-04-05T09:56:59","date_gmt":"2021-04-05T09:56:59","guid":{"rendered":"https:\/\/oraiste.qodeinteractive.com\/about-me-copy\/"},"modified":"2024-02-05T22:48:46","modified_gmt":"2024-02-05T22:48:46","slug":"contact-us","status":"publish","type":"page","link":"https:\/\/lilith-annura.com.emmtronics.de\/index.php\/contact-us\/","title":{"rendered":"KONTAKT"},"content":{"rendered":"\t\t<div data-elementor-type=\"wp-page\" data-elementor-id=\"3306\" class=\"elementor elementor-3306\" data-elementor-post-type=\"page\">\n\t\t\t\t<div class=\"elementor-element elementor-element-d11de35 e-flex e-con-boxed e-con e-parent\" data-id=\"d11de35\" data-element_type=\"container\" data-settings=\"{&quot;background_background&quot;:&quot;classic&quot;,&quot;shape_divider_top&quot;:&quot;opacity-tilt&quot;,&quot;shape_divider_bottom&quot;:&quot;opacity-tilt&quot;}\">\n\t\t\t\t\t<div class=\"e-con-inner\">\n\t\t\t\t<div class=\"elementor-shape elementor-shape-top\" data-negative=\"false\">\n\t\t\t<svg xmlns=\"http:\/\/www.w3.org\/2000\/svg\" viewBox=\"0 0 2600 131.1\" preserveAspectRatio=\"none\">\n\t<path class=\"elementor-shape-fill\" d=\"M0 0L2600 0 2600 69.1 0 0z\"\/>\n\t<path class=\"elementor-shape-fill\" style=\"opacity:0.5\" d=\"M0 0L2600 0 2600 69.1 0 69.1z\"\/>\n\t<path class=\"elementor-shape-fill\" style=\"opacity:0.25\" d=\"M2600 0L0 0 0 130.1 2600 69.1z\"\/>\n<\/svg>\t\t<\/div>\n\t\t\t\t<div class=\"elementor-shape elementor-shape-bottom\" data-negative=\"false\">\n\t\t\t<svg xmlns=\"http:\/\/www.w3.org\/2000\/svg\" viewBox=\"0 0 2600 131.1\" preserveAspectRatio=\"none\">\n\t<path class=\"elementor-shape-fill\" d=\"M0 0L2600 0 2600 69.1 0 0z\"\/>\n\t<path class=\"elementor-shape-fill\" style=\"opacity:0.5\" d=\"M0 0L2600 0 2600 69.1 0 69.1z\"\/>\n\t<path class=\"elementor-shape-fill\" style=\"opacity:0.25\" d=\"M2600 0L0 0 0 130.1 2600 69.1z\"\/>\n<\/svg>\t\t<\/div>\n\t\t\t\t<div class=\"elementor-element elementor-element-77c9238 elementor-widget-mobile__width-auto elementor-widget elementor-widget-spacer\" data-id=\"77c9238\" data-element_type=\"widget\" data-widget_type=\"spacer.default\">\n\t\t\t\t<div class=\"elementor-widget-container\">\n\t\t\t\t\t\t\t<div class=\"elementor-spacer\">\n\t\t\t<div class=\"elementor-spacer-inner\"><\/div>\n\t\t<\/div>\n\t\t\t\t\t\t<\/div>\n\t\t\t\t<\/div>\n\t\t\t\t\t<\/div>\n\t\t\t\t<\/div>\n\t\t\t\t<section class=\"elementor-section elementor-top-section elementor-element elementor-element-ab375de qodef-elementor-content-grid elementor-section-boxed elementor-section-height-default elementor-section-height-default\" data-id=\"ab375de\" data-element_type=\"section\">\n\t\t\t\t\t\t<div class=\"elementor-container elementor-column-gap-default\">\n\t\t\t\t\t<div class=\"elementor-column elementor-col-50 elementor-top-column elementor-element elementor-element-eacaf4d\" data-id=\"eacaf4d\" data-element_type=\"column\">\n\t\t\t<div class=\"elementor-widget-wrap elementor-element-populated\">\n\t\t\t\t\t\t<div class=\"elementor-element elementor-element-95b5121 elementor-widget elementor-widget-text-editor\" data-id=\"95b5121\" data-element_type=\"widget\" data-widget_type=\"text-editor.default\">\n\t\t\t\t<div class=\"elementor-widget-container\">\n\t\t\t\t\t\t\t\t\t<h3><span style=\"color: var(--qode-heading-color); font-family: var(--qode-heading-font-family); font-size: var(--qode-h3-fs); font-weight: var(--qode-heading-font-weight); text-transform: var(--qode-heading-text-transform);\">DON&#8217;T BE SHY, SAY HI TO LILITH!<\/span><\/h3>\t\t\t\t\t\t\t\t<\/div>\n\t\t\t\t<\/div>\n\t\t\t\t<div class=\"elementor-element elementor-element-27153ba elementor-widget__width-initial elementor-widget elementor-widget-wp-widget-oraiste_core_contact_form_7\" data-id=\"27153ba\" data-element_type=\"widget\" data-widget_type=\"wp-widget-oraiste_core_contact_form_7.default\">\n\t\t\t\t<div class=\"elementor-widget-container\">\n\t\t\t\t\t\t\t\t<div class=\"qodef-contact-form-7\">\n\t\t\t\t\n<div class=\"wpcf7 no-js\" id=\"wpcf7-f3354-o1\" lang=\"en-US\" dir=\"ltr\" data-wpcf7-id=\"3354\">\n<div class=\"screen-reader-response\"><p role=\"status\" aria-live=\"polite\" aria-atomic=\"true\"><\/p> <ul><\/ul><\/div>\n<form action=\"\/index.php\/wp-json\/wp\/v2\/pages\/3306#wpcf7-f3354-o1\" method=\"post\" class=\"wpcf7-form init demo\" aria-label=\"Contact form\" novalidate=\"novalidate\" data-status=\"init\">\n<div style=\"display: none;\">\n<input type=\"hidden\" name=\"_wpcf7\" value=\"3354\" \/>\n<input type=\"hidden\" name=\"_wpcf7_version\" value=\"6.0.4\" \/>\n<input type=\"hidden\" name=\"_wpcf7_locale\" value=\"en_US\" \/>\n<input type=\"hidden\" name=\"_wpcf7_unit_tag\" value=\"wpcf7-f3354-o1\" \/>\n<input type=\"hidden\" name=\"_wpcf7_container_post\" value=\"0\" \/>\n<input type=\"hidden\" name=\"_wpcf7_posted_data_hash\" value=\"\" \/>\n<\/div>\n<div class=\"qodef-contact-form-7--two-columns\">\n<div><span class=\"wpcf7-form-control-wrap\" data-name=\"your-message\"><textarea cols=\"40\" rows=\"5\" maxlength=\"2000\" class=\"wpcf7-form-control wpcf7-textarea\" aria-invalid=\"false\" placeholder=\"Your message\" name=\"your-message\"><\/textarea><\/span><\/div>\n<div class=\"qodef-grid qodef-layout--columns qodef-col-num--2 qodef-responsive--predefined\"><div class=\"qodef-grid-inner\">\n<div class=\"qodef-grid-item\"><span class=\"wpcf7-form-control-wrap\" data-name=\"your-name\"><input size=\"40\" maxlength=\"400\" class=\"wpcf7-form-control wpcf7-text wpcf7-validates-as-required\" aria-required=\"true\" aria-invalid=\"false\" placeholder=\"Name *\" value=\"\" type=\"text\" name=\"your-name\" \/><\/span><\/div>\n<div class=\"qodef-grid-item\"><span class=\"wpcf7-form-control-wrap\" data-name=\"your-email\"><input size=\"40\" maxlength=\"400\" class=\"wpcf7-form-control wpcf7-email wpcf7-validates-as-required wpcf7-text wpcf7-validates-as-email\" aria-required=\"true\" aria-invalid=\"false\" placeholder=\"Email *\" value=\"\" type=\"email\" name=\"your-email\" \/><\/span><\/div>\n<\/div><\/div>\n<div><button class=\"wpcf7-form-control wpcf7-submit qodef-button qodef-layout--textual qodef-html--link\" type=\"submit\"><span class=\"qodef-m-text\">Send<\/span><span class=\"qodef-m-arrow\"><svg  xmlns=\"http:\/\/www.w3.org\/2000\/svg\" xmlns:xlink=\"http:\/\/www.w3.org\/1999\/xlink\" x=\"0px\" y=\"0px\" viewBox=\"0 0 19 9\" style=\"enable-background:new 0 0 19 9;\" xml:space=\"preserve\"><line x1=\"0.1\" y1=\"4.5\" x2=\"18.2\" y2=\"4.5\"\/><polyline points=\"14.3,0.6 18.2,4.4 14.3,8.4 \"\/><\/svg><\/span><\/button><\/div>\n<\/div><div class=\"wpcf7-response-output\" aria-hidden=\"true\"><\/div>\n<\/form>\n<\/div>\n\t\t\t<\/div>\n\t\t\t\t\t\t\t<\/div>\n\t\t\t\t<\/div>\n\t\t\t\t\t<\/div>\n\t\t<\/div>\n\t\t\t\t<div class=\"elementor-column elementor-col-50 elementor-top-column elementor-element elementor-element-ab5aeaf\" data-id=\"ab5aeaf\" data-element_type=\"column\">\n\t\t\t<div class=\"elementor-widget-wrap elementor-element-populated\">\n\t\t\t\t\t\t<div class=\"elementor-element elementor-element-d03a3c4 elementor-widget elementor-widget-text-editor\" data-id=\"d03a3c4\" data-element_type=\"widget\" data-widget_type=\"text-editor.default\">\n\t\t\t\t<div class=\"elementor-widget-container\">\n\t\t\t\t\t\t\t\t\t<h3>GET SOCIAL<\/h3><p><a href=\"https:\/\/www.instagram.com\/lilith_annura\/\">INSTAGRAM\u00a0<\/a>\/\/ <a href=\"https:\/\/www.joyclub.de\/profile\/6419265.lilith_annura.html\">JOYCLUB<\/a><\/p>\t\t\t\t\t\t\t\t<\/div>\n\t\t\t\t<\/div>\n\t\t\t\t<div class=\"elementor-element elementor-element-643ceba elementor-widget elementor-widget-text-editor\" data-id=\"643ceba\" data-element_type=\"widget\" data-widget_type=\"text-editor.default\">\n\t\t\t\t<div class=\"elementor-widget-container\">\n\t\t\t\t\t\t\t\t\t<h3>GET IN TOUCH<\/h3><p>lilith.annura@gmail.com<\/p><p>Telegram @lilithannura<\/p>\t\t\t\t\t\t\t\t<\/div>\n\t\t\t\t<\/div>\n\t\t\t\t<div class=\"elementor-element elementor-element-a40913e elementor-widget elementor-widget-oraiste_core_google_map\" data-id=\"a40913e\" data-element_type=\"widget\" data-widget_type=\"oraiste_core_google_map.default\">\n\t\t\t\t<div class=\"elementor-widget-container\">\n\t\t\t\t\t<div class=\"qodef-shortcode qodef-m  qodef-google-map\">\n\t<div class=\"qodef-m-map\" id=\"qodef-map-id--551\" data-addresses='[\"Haferkornstr. 8, Leipzig\"]' data-pin=https:\/\/lilith-annura.com.emmtronics.de\/wp-content\/plugins\/oraiste-core\/inc\/maps\/assets\/img\/pin.png data-unique-id=551 data-height=480><\/div>\n<\/div>\n\t\t\t\t<\/div>\n\t\t\t\t<\/div>\n\t\t\t\t<div class=\"elementor-element elementor-element-90deb31 elementor-widget__width-initial elementor-widget elementor-widget-text-editor\" data-id=\"90deb31\" data-element_type=\"widget\" data-widget_type=\"text-editor.default\">\n\t\t\t\t<div class=\"elementor-widget-container\">\n\t\t\t\t\t\t\t\t\t<p>Lilith Annura &#8211; Ph\u00f6nix Studio Leipzig<\/p><p>Haferkornstr. 8 \/\/ 04129 Leipzig\u00a0 \u00a0<\/p>\t\t\t\t\t\t\t\t<\/div>\n\t\t\t\t<\/div>\n\t\t\t\t\t<\/div>\n\t\t<\/div>\n\t\t\t\t\t<\/div>\n\t\t<\/section>\n\t\t<div class=\"elementor-element elementor-element-d573810 e-flex e-con-boxed e-con e-parent\" data-id=\"d573810\" data-element_type=\"container\">\n\t\t\t\t\t<div class=\"e-con-inner\">\n\t\t\t\t<div class=\"elementor-element elementor-element-82b39a9 elementor-widget elementor-widget-google_maps\" data-id=\"82b39a9\" data-element_type=\"widget\" data-widget_type=\"google_maps.default\">\n\t\t\t\t<div class=\"elementor-widget-container\">\n\t\t\t\t\t\t\t<div class=\"elementor-custom-embed\">\n\t\t\t<iframe loading=\"lazy\"\n\t\t\t\t\tsrc=\"https:\/\/maps.google.com\/maps?q=ph%C3%B6nix%20studio%20leipzig&#038;t=m&#038;z=11&#038;output=embed&#038;iwloc=near\"\n\t\t\t\t\ttitle=\"ph\u00f6nix studio leipzig\"\n\t\t\t\t\taria-label=\"ph\u00f6nix studio leipzig\"\n\t\t\t><\/iframe>\n\t\t<\/div>\n\t\t\t\t\t\t<\/div>\n\t\t\t\t<\/div>\n\t\t\t\t\t<\/div>\n\t\t\t\t<\/div>\n\t\t<div class=\"elementor-element elementor-element-dd54fc9 e-flex e-con-boxed e-con e-parent\" data-id=\"dd54fc9\" data-element_type=\"container\">\n\t\t\t\t\t<div class=\"e-con-inner\">\n\t\t\t\t<div class=\"elementor-element elementor-element-f8b465f elementor-widget elementor-widget-text-editor\" data-id=\"f8b465f\" data-element_type=\"widget\" data-widget_type=\"text-editor.default\">\n\t\t\t\t<div class=\"elementor-widget-container\">\n\t\t\t\t\t\t\t\t\t<h3 style=\"font-family: var(--qode-heading-font-family); text-transform: var(--qode-heading-text-transform); color: #000000; font-size: var(--qode-h3-fs); line-height: var(--qode-h3-lh); font-weight: var(--qode-heading-font-weight);\">PH\u00d6NIX STUDIO LEIPZIG<\/h3>\n<p>Mit meiner wunderbaren Kollegin <a href=\"https:\/\/grithartung.de\/portfolio\">Grit Hartung<\/a> haben wir im Herzen Leipzig ein Gemeinschaftsstudio mit Industriecharme in der alten K\u00fchne-Senf-Fabrik gegr\u00fcndet. Hier k\u00f6nnen alle Studio-Projekte, Vorgespr\u00e4che und Begegnungen stattfinden. F\u00fcr andere Projekte schauen wir individuell nach speziellen Orten und Umgebungen.&nbsp;<\/p>\n<p>Das Ph\u00f6nix Studio Leipzig ist KEIN Mietstudio. Bitte von diesen Buchungsanfragen absehen, da wir den Raum f\u00fcr unsere spannenden Projekte brauchen.<\/p>\t\t\t\t\t\t\t\t<\/div>\n\t\t\t\t<\/div>\n\t\t\t\t\t<\/div>\n\t\t\t\t<\/div>\n\t\t<div class=\"elementor-element elementor-element-b7a8544 e-flex e-con-boxed e-con e-parent\" data-id=\"b7a8544\" data-element_type=\"container\">\n\t\t\t\t\t<div class=\"e-con-inner\">\n\t\t\t\t<div class=\"elementor-element elementor-element-7094162 elementor-widget elementor-widget-spacer\" data-id=\"7094162\" data-element_type=\"widget\" data-widget_type=\"spacer.default\">\n\t\t\t\t<div class=\"elementor-widget-container\">\n\t\t\t\t\t\t\t<div class=\"elementor-spacer\">\n\t\t\t<div class=\"elementor-spacer-inner\"><\/div>\n\t\t<\/div>\n\t\t\t\t\t\t<\/div>\n\t\t\t\t<\/div>\n\t\t\t\t<div class=\"elementor-element elementor-element-f5dcf74 elementor-widget elementor-widget-spacer\" data-id=\"f5dcf74\" data-element_type=\"widget\" data-widget_type=\"spacer.default\">\n\t\t\t\t<div class=\"elementor-widget-container\">\n\t\t\t\t\t\t\t<div class=\"elementor-spacer\">\n\t\t\t<div class=\"elementor-spacer-inner\"><\/div>\n\t\t<\/div>\n\t\t\t\t\t\t<\/div>\n\t\t\t\t<\/div>\n\t\t\t\t<div class=\"elementor-element elementor-element-8dd1682 elementor-arrows-position-inside elementor-pagination-position-outside elementor-widget elementor-widget-image-carousel\" data-id=\"8dd1682\" data-element_type=\"widget\" data-settings=\"{&quot;slides_to_show&quot;:&quot;3&quot;,&quot;slides_to_scroll&quot;:&quot;1&quot;,&quot;navigation&quot;:&quot;both&quot;,&quot;autoplay&quot;:&quot;yes&quot;,&quot;pause_on_hover&quot;:&quot;yes&quot;,&quot;pause_on_interaction&quot;:&quot;yes&quot;,&quot;autoplay_speed&quot;:5000,&quot;infinite&quot;:&quot;yes&quot;,&quot;speed&quot;:500}\" data-widget_type=\"image-carousel.default\">\n\t\t\t\t<div class=\"elementor-widget-container\">\n\t\t\t\t\t\t\t<div class=\"elementor-image-carousel-wrapper swiper\" role=\"region\" aria-roledescription=\"carousel\" aria-label=\"Bild Karussell\" dir=\"ltr\">\n\t\t\t<div class=\"elementor-image-carousel swiper-wrapper\" aria-live=\"off\">\n\t\t\t\t\t\t\t\t<div class=\"swiper-slide\" role=\"group\" aria-roledescription=\"slide\" aria-label=\"1 von 7\"><figure class=\"swiper-slide-inner\"><img decoding=\"async\" class=\"swiper-slide-image\" src=\"https:\/\/lilith-annura.com.emmtronics.de\/wp-content\/uploads\/2024\/02\/Offene-Ateliers-2023-Phoenix-Opening-@-Lilith-Annura-6984-1300x1300.jpg\" alt=\"Ph\u00f6nix Studio Leipzig Lilith Annura Grit Hartung\" \/><\/figure><\/div><div class=\"swiper-slide\" role=\"group\" aria-roledescription=\"slide\" aria-label=\"2 von 7\"><figure class=\"swiper-slide-inner\"><img decoding=\"async\" class=\"swiper-slide-image\" src=\"https:\/\/lilith-annura.com.emmtronics.de\/wp-content\/uploads\/2024\/02\/Offene-Ateliers-2023-Phoenix-Opening-@-Lilith-Annura-7045-1300x1300.jpg\" alt=\"Ph\u00f6nix Studio Leipzig Lilith Annura Grit Hartung\" \/><\/figure><\/div><div class=\"swiper-slide\" role=\"group\" aria-roledescription=\"slide\" aria-label=\"3 von 7\"><figure class=\"swiper-slide-inner\"><img decoding=\"async\" class=\"swiper-slide-image\" src=\"https:\/\/lilith-annura.com.emmtronics.de\/wp-content\/uploads\/2024\/02\/Offene-Ateliers-2023-Phoenix-Opening-@-Lilith-Annura-6959-1300x1300.jpg\" alt=\"Ph\u00f6nix Studio Leipzig Lilith Annura Grit Hartung\" \/><\/figure><\/div><div class=\"swiper-slide\" role=\"group\" aria-roledescription=\"slide\" aria-label=\"4 von 7\"><figure class=\"swiper-slide-inner\"><img decoding=\"async\" class=\"swiper-slide-image\" src=\"https:\/\/lilith-annura.com.emmtronics.de\/wp-content\/uploads\/2024\/02\/Offene-Ateliers-2023-Phoenix-Opening-@-Lilith-Annura-6949-1300x1300.jpg\" alt=\"Ph\u00f6nix Studio Leipzig Lilith Annura Grit Hartung\" \/><\/figure><\/div><div class=\"swiper-slide\" role=\"group\" aria-roledescription=\"slide\" aria-label=\"5 von 7\"><figure class=\"swiper-slide-inner\"><img decoding=\"async\" class=\"swiper-slide-image\" src=\"https:\/\/lilith-annura.com.emmtronics.de\/wp-content\/uploads\/2024\/02\/Offene-Ateliers-2023-Phoenix-Opening-@-Lilith-Annura-7030-2-1300x1300.jpg\" alt=\"Ph\u00f6nix Studio Leipzig Lilith Annura Grit Hartung\" \/><\/figure><\/div><div class=\"swiper-slide\" role=\"group\" aria-roledescription=\"slide\" aria-label=\"6 von 7\"><figure class=\"swiper-slide-inner\"><img decoding=\"async\" class=\"swiper-slide-image\" src=\"https:\/\/lilith-annura.com.emmtronics.de\/wp-content\/uploads\/2024\/02\/Offene-Ateliers-2023-Phoenix-Opening-@-Lilith-Annura-6982-1300x1300.jpg\" alt=\"Ph\u00f6nix Studio Leipzig Lilith Annura Grit Hartung\" \/><\/figure><\/div><div class=\"swiper-slide\" role=\"group\" aria-roledescription=\"slide\" aria-label=\"7 von 7\"><figure class=\"swiper-slide-inner\"><img decoding=\"async\" class=\"swiper-slide-image\" src=\"https:\/\/lilith-annura.com.emmtronics.de\/wp-content\/uploads\/2024\/02\/Offene-Ateliers-2023-Phoenix-Opening-@-Lilith-Annura-7080-1300x1300.jpg\" alt=\"Ph\u00f6nix Studio Leipzig Lilith Annura Grit Hartung\" \/><\/figure><\/div>\t\t\t<\/div>\n\t\t\t\t\t\t\t\t\t\t\t\t<div class=\"elementor-swiper-button elementor-swiper-button-prev\" role=\"button\" tabindex=\"0\">\n\t\t\t\t\t\t<svg aria-hidden=\"true\" class=\"e-font-icon-svg e-eicon-chevron-left\" viewBox=\"0 0 1000 1000\" xmlns=\"http:\/\/www.w3.org\/2000\/svg\"><path d=\"M646 125C629 125 613 133 604 142L308 442C296 454 292 471 292 487 292 504 296 521 308 533L604 854C617 867 629 875 646 875 663 875 679 871 692 858 704 846 713 829 713 812 713 796 708 779 692 767L438 487 692 225C700 217 708 204 708 187 708 171 704 154 692 142 675 129 663 125 646 125Z\"><\/path><\/svg>\t\t\t\t\t<\/div>\n\t\t\t\t\t<div class=\"elementor-swiper-button elementor-swiper-button-next\" role=\"button\" tabindex=\"0\">\n\t\t\t\t\t\t<svg aria-hidden=\"true\" class=\"e-font-icon-svg e-eicon-chevron-right\" viewBox=\"0 0 1000 1000\" xmlns=\"http:\/\/www.w3.org\/2000\/svg\"><path d=\"M696 533C708 521 713 504 713 487 713 471 708 454 696 446L400 146C388 133 375 125 354 125 338 125 325 129 313 142 300 154 292 171 292 187 292 204 296 221 308 233L563 492 304 771C292 783 288 800 288 817 288 833 296 850 308 863 321 871 338 875 354 875 371 875 388 867 400 854L696 533Z\"><\/path><\/svg>\t\t\t\t\t<\/div>\n\t\t\t\t\n\t\t\t\t\t\t\t\t\t<div class=\"swiper-pagination\"><\/div>\n\t\t\t\t\t\t\t\t\t<\/div>\n\t\t\t\t\t\t<\/div>\n\t\t\t\t<\/div>\n\t\t\t\t\t<\/div>\n\t\t\t\t<\/div>\n\t\t\t\t<\/div>\n\t\t","protected":false},"excerpt":{"rendered":"<p>DON&#8217;T BE SHY, SAY HI TO LILITH! GET SOCIAL INSTAGRAM\u00a0\/\/ JOYCLUB GET IN TOUCH lilith.annura@gmail.com Telegram @lilithannura Lilith Annura &#8211; Ph\u00f6nix Studio Leipzig Haferkornstr. 8 \/\/ 04129 Leipzig\u00a0 \u00a0 PH\u00d6NIX STUDIO LEIPZIG Mit meiner wunderbaren Kollegin Grit Hartung haben wir im Herzen Leipzig ein Gemeinschaftsstudio mit Industriecharme in der alten K\u00fchne-Senf-Fabrik gegr\u00fcndet. Hier k\u00f6nnen alle [&hellip;]<\/p>\n","protected":false},"author":1,"featured_media":0,"parent":0,"menu_order":0,"comment_status":"closed","ping_status":"closed","template":"","meta":{"footnotes":""},"class_list":["post-3306","page","type-page","status-publish","hentry"],"aioseo_notices":[],"_links":{"self":[{"href":"https:\/\/lilith-annura.com.emmtronics.de\/index.php\/wp-json\/wp\/v2\/pages\/3306","targetHints":{"allow":["GET"]}}],"collection":[{"href":"https:\/\/lilith-annura.com.emmtronics.de\/index.php\/wp-json\/wp\/v2\/pages"}],"about":[{"href":"https:\/\/lilith-annura.com.emmtronics.de\/index.php\/wp-json\/wp\/v2\/types\/page"}],"author":[{"embeddable":true,"href":"https:\/\/lilith-annura.com.emmtronics.de\/index.php\/wp-json\/wp\/v2\/users\/1"}],"replies":[{"embeddable":true,"href":"https:\/\/lilith-annura.com.emmtronics.de\/index.php\/wp-json\/wp\/v2\/comments?post=3306"}],"version-history":[{"count":108,"href":"https:\/\/lilith-annura.com.emmtronics.de\/index.php\/wp-json\/wp\/v2\/pages\/3306\/revisions"}],"predecessor-version":[{"id":7858,"href":"https:\/\/lilith-annura.com.emmtronics.de\/index.php\/wp-json\/wp\/v2\/pages\/3306\/revisions\/7858"}],"wp:attachment":[{"href":"https:\/\/lilith-annura.com.emmtronics.de\/index.php\/wp-json\/wp\/v2\/media?parent=3306"}],"curies":[{"name":"wp","href":"https:\/\/api.w.org\/{rel}","templated":true}]}}