{"id":7493,"date":"2024-02-02T23:46:07","date_gmt":"2024-02-02T23:46:07","guid":{"rendered":"https:\/\/lilith.emmtronics.de\/?page_id=7493"},"modified":"2024-02-06T01:15:18","modified_gmt":"2024-02-06T01:15:18","slug":"erotic-art","status":"publish","type":"page","link":"https:\/\/lilith-annura.com.emmtronics.de\/index.php\/erotic-art\/","title":{"rendered":"EROTIC ART"},"content":{"rendered":"\t\t<div data-elementor-type=\"wp-page\" data-elementor-id=\"7493\" class=\"elementor elementor-7493\" data-elementor-post-type=\"page\">\n\t\t\t\t<div class=\"elementor-element elementor-element-67272f9 e-flex e-con-boxed e-con e-parent\" data-id=\"67272f9\" data-element_type=\"container\">\n\t\t\t\t\t<div class=\"e-con-inner\">\n\t\t\t\t\t<\/div>\n\t\t\t\t<\/div>\n\t\t<div class=\"elementor-element elementor-element-29827d1 e-flex e-con-boxed e-con e-parent\" data-id=\"29827d1\" data-element_type=\"container\">\n\t\t\t\t\t<div class=\"e-con-inner\">\n\t\t\t\t<div class=\"elementor-element elementor-element-a899130 elementor-widget elementor-widget-text-editor\" data-id=\"a899130\" data-element_type=\"widget\" data-widget_type=\"text-editor.default\">\n\t\t\t\t<div class=\"elementor-widget-container\">\n\t\t\t\t\t\t\t\t\t<h1>EROTIC ART<\/h1><p>Aufgrund der Website Policy und des Jugendschutzes in Deutschland,\u00a0<\/p><p>gibt es einen <strong>passwortgesch\u00fctzten Bereich.<\/strong><\/p><p>\u00a0<\/p><p><a title=\"Agency Portfolio\" href=\"https:\/\/lilith.emmtronics.de\/index.php\/agency-portfolio\/\" target=\"_blank\" rel=\"noopener\"><img fetchpriority=\"high\" decoding=\"async\" class=\"alignnone wp-image-7867 size-full\" src=\"https:\/\/lilith.emmtronics.de\/wp-content\/uploads\/2024\/02\/Modern-Red-Key-Logo.png\" alt=\"\" width=\"500\" height=\"500\" srcset=\"https:\/\/lilith-annura.com.emmtronics.de\/wp-content\/uploads\/2024\/02\/Modern-Red-Key-Logo.png 500w, https:\/\/lilith-annura.com.emmtronics.de\/wp-content\/uploads\/2024\/02\/Modern-Red-Key-Logo-300x300.png 300w, https:\/\/lilith-annura.com.emmtronics.de\/wp-content\/uploads\/2024\/02\/Modern-Red-Key-Logo-150x150.png 150w\" sizes=\"(max-width: 500px) 100vw, 500px\" \/><\/a><\/p><p>\u00a0<\/p><h1>\u00a0ab 18 Jahren<\/h1><p>Bitte eine <strong>kurze Nachricht<\/strong>\u00a0<\/p><p>per\u00a0<span style=\"text-decoration: underline;\"><a href=\"https:\/\/www.instagram.com\/lilith_annura\/\" target=\"_blank\" rel=\"noopener\">Instagram<\/a>, <a title=\"KONTAKT\" href=\"https:\/\/lilith.emmtronics.de\/index.php\/contact-us\/\">E-Mail oder Telegram<\/a><\/span> senden\u00a0und um das <strong>Passwort<\/strong> f\u00fcr den internen Bereich bitten.\u00a0<\/p><p>Dann \u00f6ffnet sich der geheime Zugang f\u00fcr die <strong>intime Fotografie<\/strong>\u00a0von und f\u00fcr Einzelpersonen, Paaren und mehreren Personen.<\/p><p>.<\/p><p>Es gibt viel zum Staunen, zum sich Ber\u00fchren und Inspirieren lassen f\u00fcr die eigene Intimit\u00e4tsreise.<\/p><p>F\u00fcr Genie\u00dfer, Kenner und Voyeure. Klicke auf den Schl\u00fcssel und halte das Passwort bereit.<\/p>\t\t\t\t\t\t\t\t<\/div>\n\t\t\t\t<\/div>\n\t\t\t\t\t<\/div>\n\t\t\t\t<\/div>\n\t\t\t\t<\/div>\n\t\t","protected":false},"excerpt":{"rendered":"<p>EROTIC ART Aufgrund der Website Policy und des Jugendschutzes in Deutschland,\u00a0 gibt es einen passwortgesch\u00fctzten Bereich. \u00a0 \u00a0 \u00a0ab 18 Jahren Bitte eine kurze Nachricht\u00a0 per\u00a0Instagram, E-Mail oder Telegram senden\u00a0und um das Passwort f\u00fcr den internen Bereich bitten.\u00a0 Dann \u00f6ffnet sich der geheime Zugang f\u00fcr die intime Fotografie\u00a0von und f\u00fcr Einzelpersonen, Paaren und mehreren Personen. [&hellip;]<\/p>\n","protected":false},"author":1,"featured_media":0,"parent":0,"menu_order":0,"comment_status":"closed","ping_status":"closed","template":"","meta":{"footnotes":""},"class_list":["post-7493","page","type-page","status-publish","hentry"],"aioseo_notices":[],"_links":{"self":[{"href":"https:\/\/lilith-annura.com.emmtronics.de\/index.php\/wp-json\/wp\/v2\/pages\/7493","targetHints":{"allow":["GET"]}}],"collection":[{"href":"https:\/\/lilith-annura.com.emmtronics.de\/index.php\/wp-json\/wp\/v2\/pages"}],"about":[{"href":"https:\/\/lilith-annura.com.emmtronics.de\/index.php\/wp-json\/wp\/v2\/types\/page"}],"author":[{"embeddable":true,"href":"https:\/\/lilith-annura.com.emmtronics.de\/index.php\/wp-json\/wp\/v2\/users\/1"}],"replies":[{"embeddable":true,"href":"https:\/\/lilith-annura.com.emmtronics.de\/index.php\/wp-json\/wp\/v2\/comments?post=7493"}],"version-history":[{"count":64,"href":"https:\/\/lilith-annura.com.emmtronics.de\/index.php\/wp-json\/wp\/v2\/pages\/7493\/revisions"}],"predecessor-version":[{"id":7922,"href":"https:\/\/lilith-annura.com.emmtronics.de\/index.php\/wp-json\/wp\/v2\/pages\/7493\/revisions\/7922"}],"wp:attachment":[{"href":"https:\/\/lilith-annura.com.emmtronics.de\/index.php\/wp-json\/wp\/v2\/media?parent=7493"}],"curies":[{"name":"wp","href":"https:\/\/api.w.org\/{rel}","templated":true}]}}